{"id":74,"date":"2018-10-08T05:58:26","date_gmt":"2018-10-08T05:58:26","guid":{"rendered":"http:\/\/ibrahimturkoglu.com\/?page_id=74"},"modified":"2025-04-06T18:10:57","modified_gmt":"2025-04-06T18:10:57","slug":"verdigi-dersler","status":"publish","type":"page","link":"https:\/\/ibrahimturkoglu.com\/?page_id=74","title":{"rendered":"Verdi\u011fi Dersler"},"content":{"rendered":"<div class=\"entry\">\n<p style=\"text-align: left;\"><strong>L\u0130SANS\u00a0DERSLER\u0130<\/strong><\/p>\n<ol>\n<li><a href=\"http:\/\/ibrahimturkoglu.com\/wp-content\/uploads\/2025\/04\/YMH451-Yapay-Zeka-Ders-Plani.pdf\" target=\"_blank\" rel=\"noopener noreferrer\">Yapay Zeka<\/a><\/li>\n<li><a href=\"http:\/\/ibrahimturkoglu.com\/wp-content\/uploads\/2018\/10\/YMT114-Yaz\u0131l\u0131m-M\u00fchendisli\u011finin-Temelleri.pdf\" target=\"_blank\" rel=\"noopener noreferrer\">Yaz\u0131l\u0131m M\u00fchendisli\u011finin Temelleri<\/a><\/li>\n<li><a href=\"http:\/\/ibrahimturkoglu.com\/wp-content\/uploads\/2018\/10\/YMH215-Say\u0131sal-Tasar\u0131m.pdf\" target=\"_blank\" rel=\"noopener noreferrer\">Say\u0131sal Tasar\u0131m<\/a><\/li>\n<li><a href=\"http:\/\/ibrahimturkoglu.com\/wp-content\/uploads\/2021\/10\/YMH325-Mikroi\u015flemciler-ve-Programlama.pdf\" target=\"_blank\" rel=\"noopener noreferrer\">Mikroi\u015flemciler ve Programlama<\/a><\/li>\n<li><a href=\"http:\/\/ibrahimturkoglu.com\/wp-content\/uploads\/2018\/10\/YMT412-Yaz\u0131l\u0131m-Kalite-G\u00fcvencesi-ve-Testi.pdf\" target=\"_blank\" rel=\"noopener noreferrer\">Yaz\u0131l\u0131m Kalite G\u00fcvencesi ve Testi<\/a><\/li>\n<li><a href=\"http:\/\/ibrahimturkoglu.com\/wp-content\/uploads\/2018\/10\/YMT414-YMT455-Bitirme-Projesi.pdf\" target=\"_blank\" rel=\"noopener noreferrer\">Bitirme Projesi<\/a><\/li>\n<\/ol>\n<div style=\"padding-left: 40px;\"><\/div>\n<p style=\"text-align: left;\"><strong>L\u0130SANS\u00dcST\u00dc DERSLER\u0130<\/strong><\/p>\n<ol>\n<li>\u0130leri Yapay Zeka<\/li>\n<li class=\"gmail_default\" style=\"text-align: left;\"><a href=\"http:\/\/ibrahimturkoglu.com\/wp-content\/uploads\/2018\/10\/YMT513-Yaz\u0131l\u0131m-Test-Etme-ve-Do\u011frulama.pdf\" target=\"_blank\" rel=\"noopener noreferrer\">Yaz\u0131l\u0131m Test Etme ve Do\u011frulama<\/a><\/li>\n<li class=\"gmail_default\" style=\"text-align: left;\"><a href=\"http:\/\/ibrahimturkoglu.com\/wp-content\/uploads\/2018\/10\/YMT537-Bilgi-M\u00fchendisli\u011fi.pdf\" target=\"_blank\" rel=\"noopener noreferrer\">Bilgi M\u00fchendisli\u011fi<\/a><\/li>\n<li class=\"gmail_default\" style=\"text-align: left;\"><a href=\"http:\/\/ibrahimturkoglu.com\/wp-content\/uploads\/2018\/10\/YMT557-Say\u0131sal-\u0130\u015faret-\u0130\u015fleme.pdf\" target=\"_blank\" rel=\"noopener noreferrer\">Say\u0131sal \u0130\u015faret \u0130\u015fleme<\/a><\/li>\n<li class=\"gmail_default\" style=\"text-align: left;\"><a href=\"http:\/\/ibrahimturkoglu.com\/wp-content\/uploads\/2021\/10\/YMT580-\u00d6r\u00fcnt\u00fc-Tan\u0131ma.pdf\" target=\"_blank\" rel=\"noopener noreferrer\">\u00d6r\u00fcnt\u00fc Tan\u0131ma<\/a><\/li>\n<li><a href=\"http:\/\/ibrahimturkoglu.com\/wp-content\/uploads\/2019\/02\/YMT568-Makina-\u00d6\u011frenmesi.pdf\" target=\"_blank\" rel=\"noopener noreferrer\">Makine \u00d6\u011frenmesi<\/a><\/li>\n<li><a href=\"http:\/\/ibrahimturkoglu.com\/wp-content\/uploads\/2021\/10\/Derin-\u00d6\u011frenme-Ders-Plan\u0131.pdf\" target=\"_blank\" rel=\"noopener noreferrer\">Derin \u00d6\u011frenme<\/a><\/li>\n<\/ol>\n<\/div>\n","protected":false},"excerpt":{"rendered":"<p>L\u0130SANS\u00a0DERSLER\u0130 Yapay Zeka Yaz\u0131l\u0131m M\u00fchendisli\u011finin Temelleri Say\u0131sal Tasar\u0131m Mikroi\u015flemciler ve Programlama Yaz\u0131l\u0131m Kalite G\u00fcvencesi ve Testi Bitirme Projesi L\u0130SANS\u00dcST\u00dc DERSLER\u0130 \u0130leri Yapay Zeka Yaz\u0131l\u0131m Test Etme ve Do\u011frulama Bilgi M\u00fchendisli\u011fi Say\u0131sal \u0130\u015faret \u0130\u015fleme \u00d6r\u00fcnt\u00fc Tan\u0131ma Makine \u00d6\u011frenmesi Derin \u00d6\u011frenme<\/p>\n","protected":false},"author":1,"featured_media":0,"parent":0,"menu_order":2,"comment_status":"closed","ping_status":"closed","template":"","meta":{"footnotes":""},"_links":{"self":[{"href":"https:\/\/ibrahimturkoglu.com\/index.php?rest_route=\/wp\/v2\/pages\/74"}],"collection":[{"href":"https:\/\/ibrahimturkoglu.com\/index.php?rest_route=\/wp\/v2\/pages"}],"about":[{"href":"https:\/\/ibrahimturkoglu.com\/index.php?rest_route=\/wp\/v2\/types\/page"}],"author":[{"embeddable":true,"href":"https:\/\/ibrahimturkoglu.com\/index.php?rest_route=\/wp\/v2\/users\/1"}],"replies":[{"embeddable":true,"href":"https:\/\/ibrahimturkoglu.com\/index.php?rest_route=%2Fwp%2Fv2%2Fcomments&post=74"}],"version-history":[{"count":19,"href":"https:\/\/ibrahimturkoglu.com\/index.php?rest_route=\/wp\/v2\/pages\/74\/revisions"}],"predecessor-version":[{"id":1015,"href":"https:\/\/ibrahimturkoglu.com\/index.php?rest_route=\/wp\/v2\/pages\/74\/revisions\/1015"}],"wp:attachment":[{"href":"https:\/\/ibrahimturkoglu.com\/index.php?rest_route=%2Fwp%2Fv2%2Fmedia&parent=74"}],"curies":[{"name":"wp","href":"https:\/\/api.w.org\/{rel}","templated":true}]}}