{"id":2,"date":"2016-05-10T03:48:21","date_gmt":"2016-05-10T03:48:21","guid":{"rendered":"http:\/\/ibrahimturkoglu.com\/?page_id=2"},"modified":"2026-01-28T20:11:05","modified_gmt":"2026-01-28T20:11:05","slug":"sample-page","status":"publish","type":"page","link":"https:\/\/ibrahimturkoglu.com\/?page_id=2","title":{"rendered":"Hakk\u0131nda"},"content":{"rendered":"<div class=\"entry\">\n<div align=\"justify\">\n<table width=\"100%\">\n<tbody>\n<tr>\n<td colspan=\"2\" width=\"100%\"><\/td>\n<\/tr>\n<tr>\n<td width=\"74%\"><strong>Prof. Dr. \u0130brahim T\u00dcRKO\u011eLU<\/strong><\/p>\n<p><em>Yaz\u0131l\u0131m M\u00fchendisli\u011fi B\u00f6l\u00fcm\u00fc \u00d6\u011fretim \u00dcyesi<\/em><\/p>\n<p>F\u0131rat \u00dcniversitesi, Teknoloji Fak\u00fcltesi 23119, Elaz\u0131\u011f<\/td>\n<td width=\"25%\"><img loading=\"lazy\" decoding=\"async\" class=\"alignnone wp-image-25 size-full\" src=\"http:\/\/ibrahimturkoglu.com\/wp-content\/uploads\/2018\/09\/ff.png\" alt=\"\" width=\"332\" height=\"433\" srcset=\"https:\/\/ibrahimturkoglu.com\/wp-content\/uploads\/2018\/09\/ff.png 332w, https:\/\/ibrahimturkoglu.com\/wp-content\/uploads\/2018\/09\/ff-230x300.png 230w\" sizes=\"(max-width: 332px) 100vw, 332px\" \/><\/td>\n<\/tr>\n<\/tbody>\n<\/table>\n<p><strong>1.\u00a0\u00d6ZGE\u00c7M\u0130\u015e<\/strong><\/p>\n<p>1973 y\u0131l\u0131nda, Elaz\u0131\u011f Merkez Ko\u00e7kale k\u00f6y\u00fcnde do\u011fdu. 1984 y\u0131l\u0131nda \u0130smetpa\u015fa \u0130lkokulundan, 1987 y\u0131l\u0131nda 100. y\u0131l ortaokulundan, 1990 y\u0131l\u0131nda Elaz\u0131\u011f Teknik ve End\u00fcstri Meslek Lisesi Elektrik b\u00f6l\u00fcm\u00fcnden, 1994 y\u0131l\u0131nda ise F\u0131rat \u00dcniversitesi M\u00fchendislik Fak\u00fcltesi Elektrik-Elektronik M\u00fchendisli\u011finden mezun oldu.<\/p>\n<p>F\u0131rat \u00dcniversitesi Elektrik-Elektronik M\u00fchendisli\u011fi Anabilim Dal\u0131nda \u201cYapay Zeka, Ak\u0131ll\u0131 Sistemler ve Uygulamalar\u0131\u201d alanlar\u0131nda y\u00fcr\u00fctt\u00fc\u011f\u00fc \u00e7al\u0131\u015fmalar ile 1996 y\u0131l\u0131nda y\u00fcksek lisans\u0131n\u0131, 2002 y\u0131l\u0131nda ise doktoras\u0131n\u0131 tamamlad\u0131. 2007 y\u0131l\u0131nda \u00dcniversiteler Aras\u0131 Kurul Ba\u015fkanl\u0131\u011f\u0131ndan, \u201cBilgisayar ve Kontrol Teknolojileri\u201d alan\u0131nda Do\u00e7ent unvan\u0131n\u0131 ald\u0131. 2014 y\u0131l\u0131nda ise bilimsel \u00e7al\u0131\u015fmalar\u0131na istinaden Yaz\u0131l\u0131m M\u00fchendisli\u011fi alan\u0131nda, F\u0131rat \u00dcniversitesinde Profes\u00f6rl\u00fc\u011fe y\u00fckseltildi.<\/p>\n<p>Elaz\u0131\u011f Valili\u011fi Proje Koordinasyon Merkezi, Elaz\u0131\u011f Ticaret ve Sanayi Odas\u0131 ile Bing\u00f6l Ticaret ve Sanayi Odas\u0131na dan\u0131\u015fmanl\u0131k yapt\u0131. Bilim, Sanayi ve Teknoloji Bakanl\u0131\u011f\u0131n\u0131n, 2016 y\u0131l\u0131nda Bing\u00f6l ili Kamu-\u00dcniversite-Sanayi \u0130\u015fbirli\u011fi (K\u00dcS\u0130) temsilcili\u011fini y\u00fcr\u00fctt\u00fc. F\u0131rat \u00dcniversitesinde, Anabilim Dal\u0131 Ba\u015fkanl\u0131\u011f\u0131, B\u00f6l\u00fcm Ba\u015fkanl\u0131\u011f\u0131, Uzaktan E\u011fitim Merkez M\u00fcd\u00fcrl\u00fc\u011f\u00fc, Bilgi \u0130\u015flem Daire Ba\u015fkanl\u0131\u011f\u0131 ile Bing\u00f6l \u00dcniversitesi M\u00fchendislik ve Mimarl\u0131k Fak\u00fcltesi Dekanl\u0131\u011f\u0131 g\u00f6revlerinde bulundu.<\/p>\n<p>Mesleki ve Teknik E\u011fitimi Geli\u015ftirme Derne\u011fi (METEM-DER) kurucusu ve ba\u015fkanl\u0131\u011f\u0131n\u0131 yapmaktad\u0131r. 11. ve 12. Kalk\u0131nma Plan\u0131n\u0131n haz\u0131rlanmas\u0131nda, \u201cMesleki E\u011fitimde Niteli\u011fin Art\u0131r\u0131lmas\u0131\u201d \u00c7al\u0131\u015fma Grubunda g\u00f6rev alarak, mesleki e\u011fitimin sorunlar\u0131na \u00e7\u00f6z\u00fcm \u00f6nerileri geli\u015ftirilmesine katk\u0131da bulundu. Ayr\u0131ca, 20. Milli E\u011fitim \u015euras\u0131nda, &#8220;Mesleki E\u011fitimin \u0130yile\u015ftirilmesi&#8221; \u00f6zel ihtisas komisyonunda g\u00f6rev alarak, mesleki e\u011fitimin sorunlar\u0131na \u00e7\u00f6z\u00fcm \u00f6nerileri sundu. \u015eurada, kabul g\u00f6ren \u00f6nerileri aras\u0131nda yer alan \u201cMesleki ve Teknik E\u011fitim Enstit\u00fcs\u00fc\u201d kurulmas\u0131, mesleki e\u011fitimin niteli\u011finin geli\u015ftirilmesi\u00a0 a\u00e7\u0131s\u0131ndan olduk\u00e7a \u00f6nem arz etmektedir.<\/p>\n<p>Mimar ve M\u00fchendisler Grubu (MMG) Derne\u011finin, 2018 y\u0131l\u0131ndan beri Elaz\u0131\u011f Temsilcili\u011fini y\u00fcr\u00fctmektedir. Bu \u00e7er\u00e7evede, her y\u0131l d\u00fczenlenen Ar-Ge ve \u0130novasyon Zirvesi ile \u00fclkemizin yerli ve milli teknolojiye dayal\u0131 \u00fcretimini te\u015fvik eden, sorunlar\u0131n \u00e7\u00f6z\u00fcm\u00fcnde mimar ve m\u00fchendislerin \u00fcstlenmi\u015f olduklar\u0131 ar-ge ve inovasyona dayal\u0131 \u00fcretim ile ekonomik katma de\u011fer olu\u015fturulmas\u0131na katk\u0131 sa\u011flamaktad\u0131r.<\/p>\n<p>Elaz\u0131\u011f ilindeki Sivil Toplum Kurulu\u015flar\u0131n\u0131n bir araya gelerek 2010 y\u0131l\u0131nda olu\u015fturmu\u015f olduklar\u0131 ve halen b\u00fcnyesinde 200 STK\u2019n\u0131n bulundu\u011fu Elaz\u0131\u011f Sivil Toplum Kurulu\u015flar\u0131 Platformunun, 2017 y\u0131l\u0131nda d\u00f6nem s\u00f6zc\u00fcl\u00fc\u011f\u00fcn\u00fc \u00fcstlendi. D\u00f6nem s\u00f6zc\u00fcl\u00fc\u011f\u00fc s\u00fcrecinde, Harput Uluslararas\u0131 Diyanet Akademisinin kurulmas\u0131, Elaz\u0131\u011f\u2019a ikinci bir \u00fcniversite olarak Uluslararas\u0131 Teknik \u00dcniversitenin A\u00e7\u0131lmas\u0131, Sivrice Hizmeti\u00e7i E\u011fitim Enstit\u00fcs\u00fcn\u00fcn Kurulmas\u0131 gibi konularda fizibilite ve rapor haz\u0131rlanarak yetkililere sunum yap\u0131ld\u0131.<\/p>\n<p>DAP B\u00f6lgesi \u00dcniversiteler Birli\u011fi (UniDAP) Sanayi \u00c7al\u0131\u015fma Grubu ba\u015fkanl\u0131\u011f\u0131, F\u0131rat Kalk\u0131nma Ajans\u0131 (FKA) kurul \u00fcyeli\u011fi g\u00f6revlerinden bulunarak, \u00fcniversitelerde \u00fcretilen bilginin sanayiye aktar\u0131larak ekonomik katma de\u011fer olu\u015fturmas\u0131n\u0131 sa\u011flamaya y\u00f6nelik \u00e7al\u0131\u015fmalar yapt\u0131.<\/p>\n<p>F\u0131rat \u00dcniversitesi Teknoloji Fak\u00fcltesi Yaz\u0131l\u0131m M\u00fchendisli\u011fi \u00f6\u011frencilerinden olu\u015fturdu\u011fu tak\u0131mlar ile ger\u00e7ekle\u015ftirdikleri projeler, TEKNOFEST Havac\u0131l\u0131k, Uzay ve Teknoloji Festivalinde 2019 ve 2020 y\u0131llar\u0131nda T\u00fcrkiye birincili\u011fi, 2021 y\u0131l\u0131nda ise en iyi sunum dereceleri ald\u0131. Ayr\u0131ca, s\u00f6z konucu projeler Uluslararas\u0131 S\u0131f\u0131r At\u0131k \u0130novasyon \u00f6d\u00fcl\u00fc ile Patent \u00f6d\u00fcl\u00fcne de lay\u0131k g\u00f6r\u00fcld\u00fc.<\/p>\n<p>2013 y\u0131l\u0131nda bir s\u00fcreli\u011fine, Portekiz &#8211; Beira Interior \u00dcniversitesinde yapay zeka alan\u0131nda ders verdi. 280\u2019i a\u015fk\u0131n bilimsel makalesi ve bildirisi, 7 adet kitap yazarl\u0131\u011f\u0131 ile 3 adet patenti bulunmaktad\u0131r. 32 y\u00fcksek lisans ve doktora \u00f6\u011frencisi yeti\u015ftirmi\u015ftir. Yeti\u015ftirdi\u011fi \u00f6\u011frencilerinden halen 8 profes\u00f6r, 4 do\u00e7ent ve 4 doktor \u00f6\u011fretim \u00fcyesi akademik unvanlar\u0131 ile \u00fclkemizin y\u00fcksek \u00f6\u011fretimine katk\u0131 sunmaktad\u0131r.<\/p>\n<p>2005 y\u0131l\u0131nda, \u00dcniversite-Sanayi \u0130\u015fbirli\u011fi \u00e7er\u00e7evesinde, F\u0131rat \u00dcniversitesi ile Elaz\u0131\u011f Ticaret ve Sanayi Odas\u0131n\u0131n kurmu\u015f olduklar\u0131 AB Proje ve Dan\u0131\u015fmanl\u0131k B\u00fcrosunda g\u00f6rev alm\u0131\u015ft\u0131r. Bu kapsamda, Elaz\u0131\u011f halk\u0131na y\u00f6nelik AB projeleri konusunda \u00e7e\u015fitli TV programlar\u0131, toplant\u0131lar ve \u00f6zel ziyaretler ile bilgilendirmeler yap\u0131lm\u0131\u015ft\u0131r. Avrupa Birli\u011finin D\u00fczey-2 B\u00f6lgeleri Kalk\u0131nma program\u0131na haz\u0131rlanan 14 adet proje Elaz\u0131\u011f ili KOB\u0130, STK ve Yerel Kalk\u0131nma Giri\u015fimlerine kazand\u0131r\u0131lm\u0131\u015ft\u0131r. S\u00f6z konusu projelerin uygulama ve y\u00f6netimi i\u00e7in dan\u0131\u015fmanl\u0131k deste\u011fi verilmi\u015ftir. Bu \u00e7al\u0131\u015fmalar sayesinde, 2005-2007 y\u0131llar\u0131nda Elaz\u0131\u011f ili T\u00fcrkiye genelinde AB fonlar\u0131ndan en fazla hibe alan iller i\u00e7erisinde 7. s\u0131rada yer alm\u0131\u015ft\u0131r.<\/p>\n<p>2009 y\u0131l\u0131nda, F\u0131rat \u00dcniversitesinde d\u00fczenlenen \u201cBilgi Sistemleri \u0130\u015fbirli\u011fi (BS\u0130\u201909): Kafkas \u00dclkeleri, T\u00fcrk Cumhuriyetleri ve T\u00fcrkiye Ara\u015ft\u0131rma \u0130\u015fbirli\u011fini Geli\u015ftirme\u201d toplant\u0131s\u0131n\u0131n sekretaryas\u0131n\u0131 y\u00fcr\u00fctt\u00fc.\u00a0 Toplant\u0131da, kat\u0131l\u0131mc\u0131 \u00fclke \u00fcniversitelerinin bili\u015fim sistemleri, uzaktan e\u011fitim sistemleri, k\u00fct\u00fcphane sistemleri ve e\u011fitim sistemleri t\u00fcm y\u00f6nleriyle ele al\u0131nm\u0131\u015f ve tart\u0131\u015f\u0131lm\u0131\u015ft\u0131r. \u201cAvrasya \u00dclkeleri \u00dcniversite Bilgi Sistemleri Birli\u011fi\u201d nin kurulmas\u0131 toplant\u0131n\u0131n en \u00f6nemli sonucu olarak ortaya \u00e7\u0131km\u0131\u015ft\u0131r. S\u00f6z konusu birli\u011fin kurulma \u00f6nerisi, kat\u0131l\u0131mc\u0131 \u00fclke temsilcileri aras\u0131nda b\u00fcy\u00fck bir heyecan olu\u015fturmu\u015f ve takdirle kar\u015f\u0131lanm\u0131\u015ft\u0131r.<\/p>\n<p>2015 y\u0131l\u0131nda, Bing\u00f6l \u00dcniversitesinde d\u00fczenlenen \u201c3. Uluslararas\u0131 B\u00f6lgesel Kalk\u0131nma Konferans\u0131\u201dn\u0131n d\u00fczenleme kurulu ba\u015fkanl\u0131\u011f\u0131n\u0131 yapt\u0131. Konferans ile uluslararas\u0131 d\u00fczeyde akademisyenler, politika yap\u0131c\u0131lar\u0131 ve uygulay\u0131c\u0131lar bir araya getirilmi\u015ftir. S\u00fcrd\u00fcr\u00fclebilir kalk\u0131nma ile ilgili bilimsel ve uygulama \u00e7\u00f6z\u00fcmleri ele al\u0131nm\u0131\u015f ve raporla\u015ft\u0131r\u0131lm\u0131\u015ft\u0131r.<\/p>\n<p>1994 y\u0131l\u0131nda Dumlup\u0131nar \u00dcniversitesinde ba\u015flayan akademik ya\u015fam\u0131na, F\u0131rat \u00dcniversitesinde devlet \u00fcniversiteleri aras\u0131nda ilk kurulan ve kurucu b\u00f6l\u00fcm ba\u015fkanl\u0131\u011f\u0131n\u0131 \u00fcstlendi\u011fi Yaz\u0131l\u0131m M\u00fchendisli\u011fi b\u00f6l\u00fcm\u00fcnde halen devam etmektedir. Yapay Zek\u00e2, G\u00f6r\u00fc\u015f \u00d6tesi Analiz, \u0130\u015faret\/G\u00f6r\u00fcnt\u00fc \u0130\u015fleme, Biyoenformatik, \u0130nsans\u0131z Ara\u00e7lar, B\u00f6lgesel Kalk\u0131nma, \u00dcniversite-Sanayi \u0130\u015fbirli\u011fi, Sivil Toplum alanlar\u0131nda \u00e7al\u0131\u015fmalar s\u00fcrd\u00fcrmektedir. Ayr\u0131ca, T\u00dcB\u0130TAK-B\u0130DEB ve TEKNOFEST dan\u0131\u015fma kurulu \u00fcyeliklerini y\u00fcr\u00fctmektedir. \u0130ngilizce bilmekte olan T\u00dcRKO\u011eLU, evli ve d\u00f6rt \u00e7ocuk babas\u0131d\u0131r.<\/p>\n<p><strong>2. \u00d6\u011eREN\u0130M <\/strong><\/p>\n<p>1987-1990 :\u00a0<em><strong>Lise<\/strong>,<\/em> Elaz\u0131\u011f Teknik ve End\u00fcstri Meslek Lisesi, Elektrik B\u00f6l\u00fcm\u00fc, Elaz\u0131\u011f.<\/p>\n<p>1990-1994 : <em><strong>Lisans<\/strong>, <\/em>Elektrik-Elektronik M\u00fchendisi, B\u00f6l\u00fcm ikincisi, M\u00fchendislik Fak\u00fcltesi, F\u0131rat \u00dcniversitesi, Elaz\u0131\u011f.<\/p>\n<p>1994-1996 :\u00a0<strong><em>Y\u00fcksek Lisans<\/em>,<\/strong> \u201cYapay Sinir A\u011flar\u0131 ile Nesne Tan\u0131ma\u201d, Elektrik-Elektronik M\u00fchendisli\u011fi Anabilim Dal\u0131, Fen Bilimleri Enstit\u00fcs\u00fc, F\u0131rat \u00dcniversitesi, Elaz\u0131\u011f.<\/p>\n<p>1997-2002 :\u00a0<strong><em>Doktora, <\/em><\/strong>\u201cDura\u011fan Olmayan \u0130\u015faretler i\u00e7in Zaman \u2013 Frekans Entropilerine Dayal\u0131 Ak\u0131ll\u0131 \u00d6r\u00fcnt\u00fc Tan\u0131ma\u201d, Elektrik-Elektronik M\u00fchendisli\u011fi Anabilim Dal\u0131, Fen Bilimleri Enstit\u00fcs\u00fc, F\u0131rat \u00dcniversitesi, Elaz\u0131\u011f.<\/p>\n<p><strong>3. AKADEM\u0130K KAR\u0130YER <\/strong><\/p>\n<p>1994-1995 :\u00a0<strong><em>Ara\u015ft\u0131rma G\u00f6revlisi,<\/em><\/strong> Dumlup\u0131nar \u00dcniversitesi M\u00fchendislik Fak\u00fcltesi, Elektrik-Elektronik M\u00fchendisli\u011fi B\u00f6l\u00fcm\u00fc, K\u00fctahya.<\/p>\n<p>1995-2003 :\u00a0<strong><em>\u00d6\u011fretim G\u00f6revlisi,<\/em><\/strong> F\u0131rat \u00dcniversitesi Teknik E\u011fitim Fak\u00fcltesi, Elektronik ve Bilgisayar E\u011fitimi B\u00f6l\u00fcm\u00fc, Elaz\u0131\u011f.<\/p>\n<p>2003-2007 :\u00a0<strong><em>Yard\u0131mc\u0131 Do\u00e7ent,<\/em><\/strong> F\u0131rat \u00dcniversitesi Teknik E\u011fitim Fak\u00fcltesi, Elektronik ve Bilgisayar E\u011fitimi B\u00f6l\u00fcm\u00fc, Elaz\u0131\u011f.<\/p>\n<p>2007-2010 :\u00a0<strong><em>Do\u00e7ent,<\/em><\/strong> F\u0131rat \u00dcniversitesi Teknik E\u011fitim Fak\u00fcltesi, Elektronik ve Bilgisayar E\u011fitimi B\u00f6l\u00fcm\u00fc, Elaz\u0131\u011f.<\/p>\n<p>2010-2014 :\u00a0<strong><em>Do\u00e7ent,<\/em> <\/strong>F\u0131rat \u00dcniversitesi, Teknoloji Fak\u00fcltesi, Yaz\u0131l\u0131m M\u00fchendisli\u011fi B\u00f6l\u00fcm\u00fc, Elaz\u0131\u011f.<\/p>\n<p>2014-2016 :\u00a0<strong><em>Profes\u00f6r,<\/em><\/strong> Bing\u00f6l \u00dcniversitesi, M\u00fchendislik-Mimarl\u0131k Fak\u00fcltesi, Bilgisayar M\u00fchendisli\u011fi B\u00f6l\u00fcm\u00fc, Bing\u00f6l.<\/p>\n<p>2014-\u2026\u00a0 \u00a0 \u00a0:\u00a0<strong><em>Profes\u00f6r,<\/em><\/strong> F\u0131rat \u00dcniversitesi, Teknoloji Fak\u00fcltesi, Yaz\u0131l\u0131m M\u00fchendisli\u011fi B\u00f6l\u00fcm\u00fc, Elaz\u0131\u011f.<\/p>\n<\/div>\n<\/div>\n","protected":false},"excerpt":{"rendered":"<p>Prof. Dr. \u0130brahim T\u00dcRKO\u011eLU Yaz\u0131l\u0131m M\u00fchendisli\u011fi B\u00f6l\u00fcm\u00fc \u00d6\u011fretim \u00dcyesi F\u0131rat \u00dcniversitesi, Teknoloji Fak\u00fcltesi 23119, Elaz\u0131\u011f 1.\u00a0\u00d6ZGE\u00c7M\u0130\u015e 1973 y\u0131l\u0131nda, Elaz\u0131\u011f Merkez Ko\u00e7kale k\u00f6y\u00fcnde do\u011fdu. 1984 y\u0131l\u0131nda \u0130smetpa\u015fa \u0130lkokulundan, 1987 y\u0131l\u0131nda 100. y\u0131l ortaokulundan, 1990 y\u0131l\u0131nda Elaz\u0131\u011f Teknik ve End\u00fcstri Meslek Lisesi Elektrik b\u00f6l\u00fcm\u00fcnden, 1994 y\u0131l\u0131nda ise F\u0131rat \u00dcniversitesi M\u00fchendislik Fak\u00fcltesi Elektrik-Elektronik M\u00fchendisli\u011finden mezun oldu. F\u0131rat \u00dcniversitesi &#8230;<\/p>\n","protected":false},"author":1,"featured_media":0,"parent":0,"menu_order":0,"comment_status":"closed","ping_status":"open","template":"","meta":{"footnotes":""},"_links":{"self":[{"href":"https:\/\/ibrahimturkoglu.com\/index.php?rest_route=\/wp\/v2\/pages\/2"}],"collection":[{"href":"https:\/\/ibrahimturkoglu.com\/index.php?rest_route=\/wp\/v2\/pages"}],"about":[{"href":"https:\/\/ibrahimturkoglu.com\/index.php?rest_route=\/wp\/v2\/types\/page"}],"author":[{"embeddable":true,"href":"https:\/\/ibrahimturkoglu.com\/index.php?rest_route=\/wp\/v2\/users\/1"}],"replies":[{"embeddable":true,"href":"https:\/\/ibrahimturkoglu.com\/index.php?rest_route=%2Fwp%2Fv2%2Fcomments&post=2"}],"version-history":[{"count":33,"href":"https:\/\/ibrahimturkoglu.com\/index.php?rest_route=\/wp\/v2\/pages\/2\/revisions"}],"predecessor-version":[{"id":1153,"href":"https:\/\/ibrahimturkoglu.com\/index.php?rest_route=\/wp\/v2\/pages\/2\/revisions\/1153"}],"wp:attachment":[{"href":"https:\/\/ibrahimturkoglu.com\/index.php?rest_route=%2Fwp%2Fv2%2Fmedia&parent=2"}],"curies":[{"name":"wp","href":"https:\/\/api.w.org\/{rel}","templated":true}]}}