{"id":19,"date":"2018-07-10T22:03:47","date_gmt":"2018-07-10T22:03:47","guid":{"rendered":"http:\/\/ibrahimturkoglu.com\/?page_id=19"},"modified":"2023-12-02T15:48:40","modified_gmt":"2023-12-02T15:48:40","slug":"stk-faaliyetleri","status":"publish","type":"page","link":"https:\/\/ibrahimturkoglu.com\/?page_id=19","title":{"rendered":"STK Faaliyetleri"},"content":{"rendered":"<div class=\"entry\">\n<div align=\"justify\">\n<ul>\n<li><strong><em>Dan\u0131\u015fman<\/em><\/strong><\/li>\n<\/ul>\n<p>Elaz\u0131\u011f Ticaret ve Sanayi Odas\u0131, AB Proje ve Dan\u0131\u015fmanl\u0131k B\u00fcrosu, (2005-2014).<\/p>\n<ul>\n<li><strong><em>Dan\u0131\u015fman<\/em><\/strong><\/li>\n<\/ul>\n<p>Bing\u00f6l Ticaret ve Sanayi Odas\u0131, Dan\u0131\u015fma Kurulu \u00dcyesi, (2014-2017).<\/p>\n<ul>\n<li><strong><em>Kurucu<\/em><\/strong><\/li>\n<\/ul>\n<p>Elaz\u0131\u011f Mesleki ve Teknik E\u011fitimi Geli\u015ftirme Derne\u011fi, (May\u0131s 2010).<\/p>\n<ul>\n<li><strong><em>Y\u00f6netim Kurulu Ba\u015fkan\u0131<\/em><\/strong><\/li>\n<\/ul>\n<p>Elaz\u0131\u011f Mesleki ve Teknik E\u011fitimi Geli\u015ftirme Derne\u011fi, (2010-Halen).<\/p>\n<ul>\n<li><strong><em>Dan\u0131\u015fma Kurulu \u00dcyesi<\/em><\/strong><\/li>\n<\/ul>\n<p>Elaz\u0131\u011f Sivil Toplum Kurulu\u015flar\u0131 Platformu, (2018-Halen).<\/p>\n<ul>\n<li><strong><em>Elaz\u0131\u011f \u0130l Temsilcisi<\/em><\/strong><\/li>\n<\/ul>\n<p><a href=\"https:\/\/www.mmg.org.tr\/\">Mimar ve M\u00fchendisler Grubu (MMG) Derne\u011fi, (2018-Halen).<\/a><\/p>\n<ul>\n<li><strong><em>D\u00f6nem S\u00f6zc\u00fcs\u00fc<\/em><\/strong><\/li>\n<\/ul>\n<p>Elaz\u0131\u011f Sivil Toplum Kurulu\u015flar\u0131 Platformu, (2017).<\/p>\n<p>Elaz\u0131\u011f ilindeki Sivil Toplum Kurulu\u015flar\u0131n\u0131n (STK) bir araya gelerek 2010 y\u0131l\u0131nda olu\u015fturmu\u015f olduklar\u0131 Elaz\u0131\u011f Sivil Toplum Kurulu\u015flar\u0131 Platformu, b\u00fcnyesinde yer alan 140 STK ile faaliyetlerini s\u00fcrd\u00fcrmektedir. STK temsilcileri \u00f6ncelikle \u015fehrin ve b\u00f6lgenin, \u00fclkenin ve t\u00fcm insanl\u0131\u011f\u0131n ortak problemlerinin \u00e7\u00f6z\u00fcm\u00fcne daha fazla katk\u0131 sa\u011flamak amac\u0131yla ayl\u0131k periyotlarla d\u00fczenli bir \u015fekilde toplanarak, g\u00fcndem konular\u0131n\u0131 de\u011ferlendirmektedir. Yap\u0131lan de\u011ferlendirmelerde STK\u2019larca belirlenen \u00f6neriler kamuoyu ile payla\u015f\u0131l\u0131p, ilgili kamu ve \u00f6zel y\u00f6netim mekanizmalar\u0131na iletilmektedir.<\/p>\n<\/div>\n<p><img loading=\"lazy\" decoding=\"async\" class=\"wp-image-30 size-full aligncenter\" src=\"http:\/\/ibrahimturkoglu.com\/wp-content\/uploads\/2018\/09\/1.png\" alt=\"\" width=\"480\" height=\"360\" srcset=\"https:\/\/ibrahimturkoglu.com\/wp-content\/uploads\/2018\/09\/1.png 480w, https:\/\/ibrahimturkoglu.com\/wp-content\/uploads\/2018\/09\/1-300x225.png 300w\" sizes=\"(max-width: 480px) 100vw, 480px\" \/> <img loading=\"lazy\" decoding=\"async\" class=\"wp-image-31 size-full aligncenter\" src=\"http:\/\/ibrahimturkoglu.com\/wp-content\/uploads\/2018\/09\/2.png\" alt=\"\" width=\"480\" height=\"360\" srcset=\"https:\/\/ibrahimturkoglu.com\/wp-content\/uploads\/2018\/09\/2.png 480w, https:\/\/ibrahimturkoglu.com\/wp-content\/uploads\/2018\/09\/2-300x225.png 300w\" sizes=\"(max-width: 480px) 100vw, 480px\" \/> <img loading=\"lazy\" decoding=\"async\" class=\"wp-image-32 size-full aligncenter\" src=\"http:\/\/ibrahimturkoglu.com\/wp-content\/uploads\/2018\/09\/3.png\" alt=\"\" width=\"480\" height=\"360\" srcset=\"https:\/\/ibrahimturkoglu.com\/wp-content\/uploads\/2018\/09\/3.png 480w, https:\/\/ibrahimturkoglu.com\/wp-content\/uploads\/2018\/09\/3-300x225.png 300w\" sizes=\"(max-width: 480px) 100vw, 480px\" \/> <img loading=\"lazy\" decoding=\"async\" class=\"wp-image-33 size-full aligncenter\" src=\"http:\/\/ibrahimturkoglu.com\/wp-content\/uploads\/2018\/09\/4.png\" alt=\"\" width=\"480\" height=\"360\" srcset=\"https:\/\/ibrahimturkoglu.com\/wp-content\/uploads\/2018\/09\/4.png 480w, https:\/\/ibrahimturkoglu.com\/wp-content\/uploads\/2018\/09\/4-300x225.png 300w\" sizes=\"(max-width: 480px) 100vw, 480px\" \/><\/p>\n<\/div>\n","protected":false},"excerpt":{"rendered":"<p>Dan\u0131\u015fman Elaz\u0131\u011f Ticaret ve Sanayi Odas\u0131, AB Proje ve Dan\u0131\u015fmanl\u0131k B\u00fcrosu, (2005-2014). Dan\u0131\u015fman Bing\u00f6l Ticaret ve Sanayi Odas\u0131, Dan\u0131\u015fma Kurulu \u00dcyesi, (2014-2017). Kurucu Elaz\u0131\u011f Mesleki ve Teknik E\u011fitimi Geli\u015ftirme Derne\u011fi, (May\u0131s 2010). Y\u00f6netim Kurulu Ba\u015fkan\u0131 Elaz\u0131\u011f Mesleki ve Teknik E\u011fitimi Geli\u015ftirme Derne\u011fi, (2010-Halen). Dan\u0131\u015fma Kurulu \u00dcyesi Elaz\u0131\u011f Sivil Toplum Kurulu\u015flar\u0131 Platformu, (2018-Halen). Elaz\u0131\u011f \u0130l Temsilcisi &#8230;<\/p>\n","protected":false},"author":1,"featured_media":0,"parent":0,"menu_order":3,"comment_status":"closed","ping_status":"closed","template":"","meta":{"footnotes":""},"_links":{"self":[{"href":"https:\/\/ibrahimturkoglu.com\/index.php?rest_route=\/wp\/v2\/pages\/19"}],"collection":[{"href":"https:\/\/ibrahimturkoglu.com\/index.php?rest_route=\/wp\/v2\/pages"}],"about":[{"href":"https:\/\/ibrahimturkoglu.com\/index.php?rest_route=\/wp\/v2\/types\/page"}],"author":[{"embeddable":true,"href":"https:\/\/ibrahimturkoglu.com\/index.php?rest_route=\/wp\/v2\/users\/1"}],"replies":[{"embeddable":true,"href":"https:\/\/ibrahimturkoglu.com\/index.php?rest_route=%2Fwp%2Fv2%2Fcomments&post=19"}],"version-history":[{"count":8,"href":"https:\/\/ibrahimturkoglu.com\/index.php?rest_route=\/wp\/v2\/pages\/19\/revisions"}],"predecessor-version":[{"id":815,"href":"https:\/\/ibrahimturkoglu.com\/index.php?rest_route=\/wp\/v2\/pages\/19\/revisions\/815"}],"wp:attachment":[{"href":"https:\/\/ibrahimturkoglu.com\/index.php?rest_route=%2Fwp%2Fv2%2Fmedia&parent=19"}],"curies":[{"name":"wp","href":"https:\/\/api.w.org\/{rel}","templated":true}]}}