{"id":17,"date":"2018-07-10T22:03:31","date_gmt":"2018-07-10T22:03:31","guid":{"rendered":"http:\/\/ibrahimturkoglu.com\/?page_id=17"},"modified":"2024-03-17T18:48:16","modified_gmt":"2024-03-17T18:48:16","slug":"idari-gorevler","status":"publish","type":"page","link":"https:\/\/ibrahimturkoglu.com\/?page_id=17","title":{"rendered":"Mesleki Deneyim"},"content":{"rendered":"<div class=\"entry\">\n<table width=\"812\">\n<tbody>\n<tr>\n<td width=\"115\">2008-2011<\/td>\n<td width=\"697\"><em>Y\u00f6netim Kurulu \u00dcyesi<\/em>, F\u0131rat \u00dcniversitesi, Maden Meslek Y\u00fcksekokulu<\/td>\n<\/tr>\n<tr>\n<td width=\"115\">2010-2012<\/td>\n<td width=\"697\"><em>Y\u00f6netim Kurulu \u00dcyesi<\/em>, F\u0131rat \u00dcniversitesi, Karako\u00e7an Meslek Y\u00fcksekokulu<\/td>\n<\/tr>\n<tr>\n<td width=\"115\">2011-2012<\/td>\n<td width=\"697\"><em>Dekan Yard\u0131mc\u0131s\u0131,<\/em> F\u0131rat \u00dcniversitesi, Teknik E\u011fitim Fak\u00fcltesi<\/td>\n<\/tr>\n<tr>\n<td width=\"115\">2006-2008 2012-2014<\/td>\n<td width=\"697\"><em>Fak\u00fclte Kurul \u00dcyesi,<\/em> F\u0131rat \u00dcniversitesi, Teknik E\u011fitim Fak\u00fcltesi<\/td>\n<\/tr>\n<tr>\n<td width=\"115\">2010-2011<\/td>\n<td width=\"697\"><em>Fak\u00fclte Kurul \u00dcyesi, <\/em>F\u0131rat \u00dcniversitesi, Teknoloji Fak\u00fcltesi<\/td>\n<\/tr>\n<tr>\n<td width=\"115\">2010-2011<\/td>\n<td width=\"697\"><em>Fak\u00fclte Y\u00f6netim Kurulu \u00dcyesi, <\/em>F\u0131rat \u00dcniversitesi, Teknoloji Fak\u00fcltesi<\/td>\n<\/tr>\n<tr>\n<td width=\"115\">2010-2011<\/td>\n<td width=\"697\"><em>B\u00f6l\u00fcm Ba\u015fkan\u0131<\/em>, F\u0131rat \u00dcniversitesi, Teknoloji Fak\u00fcltesi, Yaz\u0131l\u0131m M\u00fchendisli\u011fi B\u00f6l\u00fcm\u00fc<\/td>\n<\/tr>\n<tr>\n<td width=\"115\">2006-2007<\/td>\n<td width=\"697\"><em>B\u00f6l\u00fcm Ba\u015fkan\u0131,<\/em> F\u0131rat \u00dcniversitesi, Enformatik B\u00f6l\u00fcm\u00fc<\/td>\n<\/tr>\n<tr>\n<td width=\"115\">2006-2010<\/td>\n<td width=\"697\"><em>B\u00f6l\u00fcm Ba\u015fkan Yard\u0131mc\u0131s\u0131,<\/em> F\u0131rat \u00dcniversitesi, Elektronik ve Bilgisayar E\u011fitimi B\u00f6l\u00fcm\u00fc<\/td>\n<\/tr>\n<tr>\n<td width=\"115\">2006-2007<\/td>\n<td width=\"697\"><em>Daire Ba\u015fkan\u0131<\/em>, F\u0131rat \u00dcniversitesi, Bilgi \u0130\u015flem Daire Ba\u015fkanl\u0131\u011f\u0131<\/td>\n<\/tr>\n<tr>\n<td width=\"115\">2006-2007<\/td>\n<td width=\"697\"><em>Kurul \u00dcyesi,<\/em> F\u0131rat \u00dcniversitesi, Bili\u015fim E\u015fg\u00fcd\u00fcm Kurulu<\/td>\n<\/tr>\n<tr>\n<td width=\"115\">1995-2014<\/td>\n<td width=\"697\"><em>Anabilim Dal\u0131 Ba\u015fkan\u0131,<\/em> F\u0131rat \u00dcniversitesi, Teknik E\u011fitim Fak\u00fcltesi, Elektronik ve Bilgisayar E\u011fitimi B\u00f6l\u00fcm\u00fc, Kontrol E\u011fitimi, Telekom\u00fcnikasyon E\u011fitimi, Bilgisayar Sistemleri E\u011fitimi<\/td>\n<\/tr>\n<tr>\n<td width=\"115\">2008-2010<\/td>\n<td width=\"697\"><em>M\u00fcd\u00fcr,<\/em> F\u0131rat \u00dcniversitesi Uzaktan E\u011fitim Merkez M\u00fcd\u00fcrl\u00fc\u011f\u00fc<\/td>\n<\/tr>\n<tr>\n<td width=\"115\">2008-2012<\/td>\n<td width=\"697\"><em>Koordinat\u00f6r,<\/em> F\u0131rat \u00dcniversitesi, Teknik E\u011fitim Fak\u00fcltesi Proje Birimi<\/td>\n<\/tr>\n<tr>\n<td width=\"115\">2005-2009<\/td>\n<td width=\"697\"><em>Anabilim Dal\u0131 Ba\u015fkan Yrd., <\/em>F\u0131rat \u00dcniversitesi, Fen Bilimleri Enstit\u00fcs\u00fc, Biyom\u00fchendislik<\/td>\n<\/tr>\n<tr>\n<td width=\"115\">2012-2013<\/td>\n<td width=\"697\"><em>Y\u00f6netim Kurulu \u00dcyesi, <\/em>F\u0131rat \u00dcniversitesi S\u00fcrekli E\u011fitim Merkezi<\/td>\n<\/tr>\n<tr>\n<td width=\"115\">2014-2016<\/td>\n<td width=\"697\"><em>B\u00f6l\u00fcm Ba\u015fkan\u0131, <\/em>Bing\u00f6l \u00dcniversitesi, M\u00fchendislik-Mimarl\u0131k Fak\u00fcltesi, Bilgisayar M\u00fchendisli\u011fi B\u00f6l\u00fcm\u00fc<\/td>\n<\/tr>\n<tr>\n<td width=\"115\">2014-2016<\/td>\n<td width=\"697\"><em>Dekan,<\/em> Bing\u00f6l \u00dcniversitesi, M\u00fchendislik-Mimarl\u0131k Fak\u00fcltesi<\/td>\n<\/tr>\n<tr>\n<td width=\"115\">2014-2016<\/td>\n<td width=\"697\"><em>Senato \u00dcyesi,<\/em> Bing\u00f6l \u00dcniversitesi<\/td>\n<\/tr>\n<tr>\n<td width=\"115\">2014-2016<\/td>\n<td width=\"697\"><em>\u00dcniversite Y\u00f6netim Kurulu \u00dcyesi,<\/em> Bing\u00f6l \u00dcniversitesi<\/td>\n<\/tr>\n<tr>\n<td width=\"115\">2014-2016<\/td>\n<td width=\"697\"><em>Yay\u0131n Komisyonu \u00dcyesi, <\/em>Bing\u00f6l \u00dcniversitesi<\/td>\n<\/tr>\n<tr>\n<td width=\"115\">2015-2016<\/td>\n<td width=\"697\"><em>Sanayi \u00c7al\u0131\u015fma Grubu Ba\u015fkan\u0131, <\/em>DAP B\u00f6lgesi \u00dcniversiteler Birli\u011fi (UniDAP)<\/td>\n<\/tr>\n<tr>\n<td width=\"115\">2016-2017<\/td>\n<td width=\"697\"><em>Stratejik Plan Komisyon \u00dcyesi, <\/em>Bing\u00f6l \u00dcniversitesi<\/td>\n<\/tr>\n<tr>\n<td width=\"115\">2016-2017<\/td>\n<td width=\"697\"><em>Kalite Komisyonu \u00dcyesi, <\/em>Bing\u00f6l \u00dcniversitesi<\/td>\n<\/tr>\n<tr>\n<td width=\"115\">2016-2017<\/td>\n<td width=\"697\"><em>K\u00dcS\u0130 Temsilcisi,<\/em> Bilim, Teknoloji ve Sanayi Bakanl\u0131\u011f\u0131, Bing\u00f6l<\/td>\n<\/tr>\n<tr>\n<td width=\"115\">2014-2017<\/td>\n<td width=\"697\"><em>Kurul \u00dcyesi,<\/em> F\u0131rat Kalk\u0131nma Ajans\u0131<\/td>\n<\/tr>\n<tr>\n<td width=\"115\">2017-2020<\/td>\n<td width=\"697\"><em>Fak\u00fclte Y\u00f6netim Kurulu \u00dcyesi, <\/em>F\u0131rat \u00dcniversitesi, Teknoloji Fak\u00fcltesi<\/td>\n<\/tr>\n<tr>\n<td width=\"115\">2020-Devam<\/td>\n<td width=\"697\"><em>Dan\u0131\u015fma Kurulu \u00dcyeli\u011fi, <\/em>TEKNOFEST, T\u00dcB\u0130TAK \u2013 B\u0130DEB<\/td>\n<\/tr>\n<tr>\n<td width=\"115\">2024-Devam<\/td>\n<td width=\"697\"><em>B\u00f6l\u00fcm Ba\u015fkan\u0131<\/em>, F\u0131rat \u00dcniversitesi, Teknoloji Fak\u00fcltesi, Yaz\u0131l\u0131m M\u00fchendisli\u011fi B\u00f6l\u00fcm\u00fc<\/td>\n<\/tr>\n<\/tbody>\n<\/table>\n<\/div>\n","protected":false},"excerpt":{"rendered":"<p>2008-2011 Y\u00f6netim Kurulu \u00dcyesi, F\u0131rat \u00dcniversitesi, Maden Meslek Y\u00fcksekokulu 2010-2012 Y\u00f6netim Kurulu \u00dcyesi, F\u0131rat \u00dcniversitesi, Karako\u00e7an Meslek Y\u00fcksekokulu 2011-2012 Dekan Yard\u0131mc\u0131s\u0131, F\u0131rat \u00dcniversitesi, Teknik E\u011fitim Fak\u00fcltesi 2006-2008 2012-2014 Fak\u00fclte Kurul \u00dcyesi, F\u0131rat \u00dcniversitesi, Teknik E\u011fitim Fak\u00fcltesi 2010-2011 Fak\u00fclte Kurul \u00dcyesi, F\u0131rat \u00dcniversitesi, Teknoloji Fak\u00fcltesi 2010-2011 Fak\u00fclte Y\u00f6netim Kurulu \u00dcyesi, F\u0131rat \u00dcniversitesi, Teknoloji Fak\u00fcltesi 2010-2011 B\u00f6l\u00fcm &#8230;<\/p>\n","protected":false},"author":1,"featured_media":0,"parent":0,"menu_order":3,"comment_status":"closed","ping_status":"closed","template":"","meta":{"footnotes":""},"_links":{"self":[{"href":"https:\/\/ibrahimturkoglu.com\/index.php?rest_route=\/wp\/v2\/pages\/17"}],"collection":[{"href":"https:\/\/ibrahimturkoglu.com\/index.php?rest_route=\/wp\/v2\/pages"}],"about":[{"href":"https:\/\/ibrahimturkoglu.com\/index.php?rest_route=\/wp\/v2\/types\/page"}],"author":[{"embeddable":true,"href":"https:\/\/ibrahimturkoglu.com\/index.php?rest_route=\/wp\/v2\/users\/1"}],"replies":[{"embeddable":true,"href":"https:\/\/ibrahimturkoglu.com\/index.php?rest_route=%2Fwp%2Fv2%2Fcomments&post=17"}],"version-history":[{"count":9,"href":"https:\/\/ibrahimturkoglu.com\/index.php?rest_route=\/wp\/v2\/pages\/17\/revisions"}],"predecessor-version":[{"id":990,"href":"https:\/\/ibrahimturkoglu.com\/index.php?rest_route=\/wp\/v2\/pages\/17\/revisions\/990"}],"wp:attachment":[{"href":"https:\/\/ibrahimturkoglu.com\/index.php?rest_route=%2Fwp%2Fv2%2Fmedia&parent=17"}],"curies":[{"name":"wp","href":"https:\/\/api.w.org\/{rel}","templated":true}]}}